{"id":80,"date":"2017-12-07T08:10:41","date_gmt":"2017-12-07T08:10:41","guid":{"rendered":"http:\/\/barfred.eu\/gallery\/?page_id=80"},"modified":"2026-04-10T20:57:37","modified_gmt":"2026-04-10T20:57:37","slug":"cv","status":"publish","type":"page","link":"https:\/\/barfred.eu\/gallery\/index.php\/cv\/","title":{"rendered":"cv"},"content":{"rendered":"\n<p><span class=\"style59\">Philip Barfred. Born in Copenhagen Denmark.<\/span><\/p>\n\n\n\n<p><span class=\"style59\">Autodidact.<br><\/span><\/p>\n\n\n\n<p><small>selected exhibitions: <\/small><\/p>\n\n\n\n<p class=\"has-small-font-size\">2026: Domaine de la Garde, Bourg en Bresse, , France. Expo Milan, Italy. Expo Strassbourg, France. Thomson Gallery, Zug, Suisse. Gallerie &#8220;Le Chien D&#8217;or&#8221;, Quebec, Canada. M\u00e9diath\u00e8que Josette Pratte, Saint Julien, France. Casa del Arte, Palma, Mallorca.<\/p>\n\n\n\n<p><small>2025: Carrousel Louvre, Paris. Moulin du Suran, Jura France. Basel Bahnhof<\/small><small>, Artweek Basel.  &#8220;Angelot&#8221; installation landart, Andelot, Jura France. Art Bar Grenada, Grenada<\/small>.<\/p>\n\n\n\n<p><small>2024: La Caborde Aire Viticulturelle, Orbagna, Portes du Jura, France. Andalukova Gallery, Dubai. Biennalle d&#8217;art du Jura, Ateliers ZigZag 2024, France. ArtexpoParis2024; La Galerie Agn\u00e8s NORD, Paris<\/small>.<\/p>\n\n\n\n<p><small>2023: Andalukova Gallery, Dubai. Thomson gallery, Zug, Suisse. Swissartexpo, Zurich Bahnhof, Suisse. Cercles suspendu, installation landart, La Caborne du Beuf, St.Hymeti\u00e8re, Jura,France. Casa del Arte, Palma, Espagne, Jonathan Schulz gallery, Miami, USA, Basel Artexpo, Suisse, Pasteur &#8220;Art et Science&#8221;, Partheater, Lahr, Deutschland<\/small>.<\/p>\n\n\n\n<p><small>2022: Mus\u00e9e Pasteur, &#8220;Art et Science&#8221;, Dole, France.&nbsp; <small>Artbox Project<\/small>, Palma de Mallorca, Spain, . Biennale d&#8217;Art, Ateliers en ZigZag, Jura, France. R\u00e9trospective; Librairie de Seille, Cuisery, Saone et Loire, France. &#8220;Pasteur&#8221;, Carcom, Lons le Saunier, France. Avec le collectif PAPM Gigny, Jura, France.Moulin du Pont Neuf, Villechantria, Jura France.Fr\u00fchlingserwachen, Kunsthaus Deutschvilla, Strobl, Autriche.<\/small><\/p>\n\n\n\n<p><small>2021: L&#8217;Atelier Jardin, Cressia, Jura. Avec le colletif PAPM(<small>Parcours Artistique en Petite Montagne<\/small>), Arinthod, Jura. Maison de la Haute Seille, Chateau-Chalon, Jura, France. ARTBOX.PROJECT World 1.0. Zurich\/Barcelona. FAP (Forest Art Project) Andelot-Morval, Jura France.<br>2020: Artbox Gallery, Zurich, Switzerland. Parcours Artistique en Petite Montagne, Jura France. Ateliers ZigZag, Jura, France.<br>2019: Parcours Artistique en Petite Montagne, Jura, France, Artbox Zurich 1.0, Swiss Art Expo, Zurich, Switzerland. Tiers Lieu. St.Julien, Jura,France.<br>2018: Artbox Galletry, Z\u00fcrich; Switzerland. Artbox 1.0 Stricoff Gallery, New York, USA.<br>2017: Triennale ARCO 2017, Jura. &#8220;Plante m\u00e9dicinale&#8221;, Festival Bouche a Oreille, M\u00e9diatheque Arinthod, Jura France. &#8220;Artbox&#8221;, Basel-Mulhouse airport, Switzerland.<br>2016: &#8220;Spirale&#8221;, installation landart socio-artistique d\u00e9dicacer aux victimes de Paris et Copenhague, Festival Bouche \u02c6 Oreille, St.Julien et Arinthod, Jura France.<br>2015: FOKUS2015 Videofestival, Copenhagen. M\u00e9diath\u00e8que Saint Julien sur Suran, France. &#8220;Porte Ouverte&#8221; StJulien, Salle de f\u00ebtes Montfleur dans le cadre de la semaine &#8220;Petite Montagne Grands Talents.<br>2014: &#8220;Spiralou&#8221;, installation landart, Festival Bouche \u02c6 Oreille, Arinthod, Porte Ouverte, Semaine interg\u00e9n\u00e9ration en Petite Montagne, Jura. France.<br>2013: Festival de Bouche \u00e0 Oreille, La chapelle Castrale, Arinthod, France.<br>2012: French Art Day, Copenhagen. FOKUS2012 Videofestival, Copenhagen.&#8221;Lettre et l&#8217;image&#8221;, Arinthod, France, Kunstnere mod Social Sk\u00e6vhed, hellig\u00e5nsdhuset K\u00f8benhavn. Danmark<br>2011: Bruit de L&#8217;esprit, video projection, BYOB Copenhagen, Galleri GAL, Fr.V\u00berk. &#8220;canards&#8221; videoprojection,&#8221;Mouvements&#8221; Arinthod,France.&#8221;Au fil des ateliers&#8221; porte ouverte; St Julien, France. Dong Energy, Copenhagen. Denmark.<br>2010: Mill Gallery, Ny\u00edracs\u00e1d, Hungary: Flying: International mail art. Fen\u00eatres, Arinthod, France. Bruit de L&#8217;esprit, videoinstallation, Arinthod, France.<br>2009: Galleri Folio, Copenhague. Contraste, Arinthod, France.<br>2008: Galleri Folio, Copenhague. N\u00e6stved International Exhibition of Mini Prints, Danemark, Traces, Arinthod, France.<br>2007: Rencontres, Arinthod, France.<br>2005: Galerie Geste, Besancon. J-Kie Cards, Copenhague<br>2004: Galerie Geste, Besancon.<br>2004: St.John&#8217;s Research Centre, Oxford.<br>2003: Galerie K, Besancon.<br>2001: Soci\u00e9t\u00e9 des Arts T\u00e9chnologiques (SAT), Montr\u00e9al, installation &#8220;Le Bruit de L&#8217;\u00e9sprit with american composer and sound artist Zack Settel ; Mondo, Paris.<br>2000: Mus\u00e9e Kirsten Kj\u00e6r, Fr\u00f8strup, Danemark.<br>1999: Galerie du Manoir, La Chaux-de-Fonds ; Galerie Nelly L`Eplattenier, Lausanne ; Pakhuset, Nyk\u00f8bing Sj\u00e6lland, Danemark.<br>1998: Grange de Dorigny, Lausanne ; Galerie du Manoir, La Chaux-de-Fonds ; Galerie Nelly L`Eplattenier, Lausanne.<br>1997: P\u00f4le Universitaire Europ\u00e9en, Nancy.<br>1996: Nemunaitis, Lituanie.<br>1995: Galerie Europa, with neosymbolist group KOSMOS co-created with russian painter Oleg Kolesov (OKO) in Paris in the 1990s ; Art Copenhagen 95 ; Galerie Vartai, Vilnius.<br>1994: Salon des Peintres-Sculpteurs D&#8217;hier et D&#8217;aujourd&#8217;hui,Paris ; Galerie Knabro, Copenhague ; Galerie Vartai, Vilnius.<br>1993: Cit\u00e9 Internationale des Arts, Paris with austrian painter Ferdinand G\u00f6tz; Galerie Marius, Copenhague.<br>1992: Ujpest Galerie, Budapest ; Kanagawa pr\u00e9fectorale Galerie, Yokohama ; Galerie Kongo, Copenhague.<br>1990: Galerie Gurk, Copenhague.<br>1989:Sovietunionen med &#8220;Kulturtoget&#8221; Next Stop Soviet 1989 ; Galerie Gurk; Copenhague.<br>1987: Galerie Zatz, Copenhagen, collaboration with danish visual artist Peter Fonnesbech. <\/small><\/p>\n\n\n\n<p><small>Companies etc.; Topdanmark, Patentdirektoratet, Sj\u00e6l\u00f8r Gymnasium, Danske Spil, Dong Energy.<br>Represented in private collections in Denmark, England, Austria, USA, Russia, Switzerland, France, Sweden<\/small><\/p>\n\n\n\n<p>Award, Prices, nominations, etc:<\/p>\n\n\n\n<p><small>&#8220;Creative Excellence certificate for originality, uniqueness and remarkable aesthetic by the Circle Arts Foundation nov.2023&#8221;<\/small>. <\/p>\n\n\n\n<p><small>Certificate of Excellence&#8221;, Artavita art contest, USA january 2019.<br>Nominated for ATIM Masters Certificate 2019 issued each year by ArtTour International Magazine. ATIM&#8217;S TOP 60 MASTERS OF CONTEMPORARY ART 2019.<br>&#8220;Certificate of Excellence&#8221;, Artavita art contest, USA april 2018.<br>Nominated for ATIM Masters Certificate 2016 issued each year by ArtTour International Magazine. ATIM&#8217;S TOP 60 MASTERS OF CONTEMPORARY ART 2016.<br>&#8220;Certificate of Excellence&#8221;, Artavita art contest, USA april 2015.<br>Awarded&#8221;Work of Distinction&#8221; by the jury at &#8220;The Americas Biennial&#8221; for contemporary prints, USA 2008<br>R\u00e9sidence de production: Soci\u00e9t\u00e9 des Arts T\u00e9chnologiques (SAT), Montr\u00e9al 2001.<br>Premier prix de peinture au concours de la Galerie Nelly L`Eplattenier \u00e0 La Chaux-De-Fonds et Lausanne 1998.<br>Conseil de l&#8217;Acad\u00e9mie de Beaux Arts du Danemark 1994.<br>Bikubenfond 1994.<br>Minist\u00e8re de la Culture du Danemark 1992.<br>Fondation Carlsberg 1984.<\/small><\/p>\n\n\n\n<p>&nbsp;<\/p>\n","protected":false},"excerpt":{"rendered":"<p>Philip Barfred. Born in Copenhagen Denmark. Autodidact. selected exhibitions: 2026: Domaine de la Garde, Bourg en Bresse, , France. Expo Milan, Italy. Expo Strassbourg, France. Thomson Gallery, Zug, Suisse. Gallerie &#8220;Le Chien D&#8217;or&#8221;, Quebec, Canada. M\u00e9diath\u00e8que Josette Pratte, Saint Julien, France. Casa del Arte, Palma, Mallorca. 2025: Carrousel Louvre, Paris. Moulin du Suran, Jura France. [&hellip;]<\/p>\n","protected":false},"author":1,"featured_media":0,"parent":0,"menu_order":0,"comment_status":"closed","ping_status":"closed","template":"","meta":[],"_links":{"self":[{"href":"https:\/\/barfred.eu\/gallery\/index.php\/wp-json\/wp\/v2\/pages\/80"}],"collection":[{"href":"https:\/\/barfred.eu\/gallery\/index.php\/wp-json\/wp\/v2\/pages"}],"about":[{"href":"https:\/\/barfred.eu\/gallery\/index.php\/wp-json\/wp\/v2\/types\/page"}],"author":[{"embeddable":true,"href":"https:\/\/barfred.eu\/gallery\/index.php\/wp-json\/wp\/v2\/users\/1"}],"replies":[{"embeddable":true,"href":"https:\/\/barfred.eu\/gallery\/index.php\/wp-json\/wp\/v2\/comments?post=80"}],"version-history":[{"count":77,"href":"https:\/\/barfred.eu\/gallery\/index.php\/wp-json\/wp\/v2\/pages\/80\/revisions"}],"predecessor-version":[{"id":2185,"href":"https:\/\/barfred.eu\/gallery\/index.php\/wp-json\/wp\/v2\/pages\/80\/revisions\/2185"}],"wp:attachment":[{"href":"https:\/\/barfred.eu\/gallery\/index.php\/wp-json\/wp\/v2\/media?parent=80"}],"curies":[{"name":"wp","href":"https:\/\/api.w.org\/{rel}","templated":true}]}}