{"id":283,"date":"2018-05-21T09:59:07","date_gmt":"2018-05-21T09:59:07","guid":{"rendered":"http:\/\/barfred.eu\/gallery\/?page_id=283"},"modified":"2018-05-21T10:01:58","modified_gmt":"2018-05-21T10:01:58","slug":"landart-installations","status":"publish","type":"page","link":"https:\/\/barfred.eu\/gallery\/index.php\/landart-installations\/","title":{"rendered":"Spiralou landart installation"},"content":{"rendered":"<p align=\"center\"><img decoding=\"async\" loading=\"lazy\" src=\"http:\/\/barfred.eu\/spiralArinthod\/PH.Barfred2014-07-20web.jpg\" width=\"1072\" height=\"804\" \/><\/p>\n<p class=\"style44\" align=\"center\">Spiralou oeuvre de PH. Barfred \u00e0 Arinthod.<\/p>\n<p class=\"style44\" align=\"center\">La spirale de Philippe Barfred qui propose\u00a0 de poser symboliquement en son centre &#8216;nos valises&#8217;\u00a0 est un avant-projet qui verra peut-\u00eatre le jour \u00e0 grande \u00e9chelle, en pleine nature.<\/p>\n<p class=\"style44 style45\" align=\"center\">(extrait de la page web du 25\u00e8me festival de Bouche \u00e0 Oreille, juillet 2014)<\/p>\n<p>&nbsp;<\/p>\n<p>&nbsp;<\/p>\n","protected":false},"excerpt":{"rendered":"<p>Spiralou oeuvre de PH. Barfred \u00e0 Arinthod. La spirale de Philippe Barfred qui propose\u00a0 de poser symboliquement en son centre &#8216;nos valises&#8217;\u00a0 est un avant-projet qui verra peut-\u00eatre le jour \u00e0 grande \u00e9chelle, en pleine nature. (extrait de la page web du 25\u00e8me festival de Bouche \u00e0 Oreille, juillet 2014) &nbsp; &nbsp;<\/p>\n","protected":false},"author":1,"featured_media":0,"parent":0,"menu_order":0,"comment_status":"closed","ping_status":"closed","template":"","meta":[],"_links":{"self":[{"href":"https:\/\/barfred.eu\/gallery\/index.php\/wp-json\/wp\/v2\/pages\/283"}],"collection":[{"href":"https:\/\/barfred.eu\/gallery\/index.php\/wp-json\/wp\/v2\/pages"}],"about":[{"href":"https:\/\/barfred.eu\/gallery\/index.php\/wp-json\/wp\/v2\/types\/page"}],"author":[{"embeddable":true,"href":"https:\/\/barfred.eu\/gallery\/index.php\/wp-json\/wp\/v2\/users\/1"}],"replies":[{"embeddable":true,"href":"https:\/\/barfred.eu\/gallery\/index.php\/wp-json\/wp\/v2\/comments?post=283"}],"version-history":[{"count":3,"href":"https:\/\/barfred.eu\/gallery\/index.php\/wp-json\/wp\/v2\/pages\/283\/revisions"}],"predecessor-version":[{"id":287,"href":"https:\/\/barfred.eu\/gallery\/index.php\/wp-json\/wp\/v2\/pages\/283\/revisions\/287"}],"wp:attachment":[{"href":"https:\/\/barfred.eu\/gallery\/index.php\/wp-json\/wp\/v2\/media?parent=283"}],"curies":[{"name":"wp","href":"https:\/\/api.w.org\/{rel}","templated":true}]}}